{"id":2341,"date":"2023-10-10T18:27:56","date_gmt":"2023-10-10T16:27:56","guid":{"rendered":"https:\/\/verxoenergia.es\/politica-de-privacidad\/"},"modified":"2023-12-19T11:39:28","modified_gmt":"2023-12-19T10:39:28","slug":"politica-de-privacidade","status":"publish","type":"page","link":"https:\/\/verxoenergia.es\/pt-pt\/politica-de-privacidade\/","title":{"rendered":"Pol\u00edtica de privacidade"},"content":{"rendered":"<p>O Propriet\u00e1rio informa sobre sua Pol\u00edtica de Privacidade em rela\u00e7\u00e3o ao tratamento e prote\u00e7\u00e3o dos dados pessoais dos usu\u00e1rios que podem ser coletados durante a navega\u00e7\u00e3o no Site:\u00a0<a href=\"https:\/\/verxoenergia.es\/politica -privacy\/\">https:\/\/ verxoenergia.es<\/a><\/p>\n<p>Neste sentido, o Propriet\u00e1rio garante o cumprimento da regulamenta\u00e7\u00e3o em vigor em mat\u00e9ria de prote\u00e7\u00e3o de dados pessoais, refletida na Lei Org\u00e2nica 3\/2018, de 5 de dezembro, de Prote\u00e7\u00e3o de Dados Pessoais e Garantia de Direitos Digitais (LOPD GDD). Tamb\u00e9m est\u00e1 em conformidade com o Regulamento (UE) 2016\/679 do Parlamento Europeu e do Conselho de 27 de abril de 2016 relativo \u00e0 prote\u00e7\u00e3o de pessoas f\u00edsicas (GDPR).<\/p>\n<p>A utiliza\u00e7\u00e3o do site implica a aceita\u00e7\u00e3o desta Pol\u00edtica de Privacidade bem como das condi\u00e7\u00f5es constantes do <a href=\"https:\/\/verxoenergia.es\/pt-pt\/aviso-legal\/\">Aviso Legal<\/a>.<\/p>\n<h2>Identidade do Controlador<\/h2>\n<ul>\n<li><b>Respons\u00e1vel:<\/b>\u00a0 Verxo Desarrollo S.A..<\/li>\n<li><b>NIF:<\/b> A56223845<\/li>\n<li><b>Endere\u00e7o:<\/b>\u00a0 Paseo Castellana, 200, Madrid &#8211; Espanha.<\/li>\n<li><b>E-mail:<\/b>\u00a0 info@verxoenergia.es<\/li>\n<li><b>Site:<\/b>\u00a0\u00a0<a href=\"https:\/\/verxoenergia.es\/politica-de-privacidad\/\">https:\/\/verxoenergia.es<\/a><\/li>\n<\/ul>\n<h2>Princ\u00edpios aplicados no processamento de dados<\/h2>\n<p>No tratamento dos seus dados pessoais, o Titular aplicar\u00e1 os seguintes princ\u00edpios que cumprem os requisitos do novo regulamento europeu de prote\u00e7\u00e3o de dados (GDPR):<\/p>\n<ul>\n<li>Princ\u00edpio da legalidade, lealdade e transpar\u00eancia: O Propriet\u00e1rio exigir\u00e1 sempre o consentimento para o tratamento dos dados pessoais, que poder\u00e1 ser para uma ou mais finalidades espec\u00edficas sobre as quais o Propriet\u00e1rio informar\u00e1 previamente o Utilizador com absoluta transpar\u00eancia.<\/li>\n<p> ><\/p>\n<li>Princ\u00edpio da minimiza\u00e7\u00e3o de dados: O Propriet\u00e1rio solicitar\u00e1 apenas os dados estritamente necess\u00e1rios para a finalidade ou finalidades para as quais s\u00e3o solicitados.<\/li>\n<li>Princ\u00edpio de limita\u00e7\u00e3o do prazo de conserva\u00e7\u00e3o: O Titular conservar\u00e1 os dados pessoais recolhidos pelo tempo estritamente necess\u00e1rio \u00e0 finalidade ou finalidades do tratamento. O Propriet\u00e1rio informar\u00e1 ao Utilizador o per\u00edodo de conserva\u00e7\u00e3o correspondente de acordo com a finalidade.<br \/>\nNo caso de assinaturas, o Propriet\u00e1rio revisar\u00e1 periodicamente as listas e excluir\u00e1 os registros que estiverem inativos por um tempo consider\u00e1vel.<\/li>\n<li>Princ\u00edpio da integridade e confidencialidade: Os dados pessoais recolhidos ser\u00e3o tratados de forma a garantir a sua seguran\u00e7a, confidencialidade e integridade.<br \/>\nO Propriet\u00e1rio toma as precau\u00e7\u00f5es necess\u00e1rias para evitar o acesso n\u00e3o autorizado ou a utiliza\u00e7\u00e3o indevida dos dados dos seus utilizadores por terceiros.<\/li>\n<\/ul>\n<h2>Obten\u00e7\u00e3o de dados pessoais<\/h2>\n<p>Para navegar no site n\u00e3o \u00e9 necess\u00e1rio fornecer quaisquer dados pessoais.<\/p>\n<h2>Direitos<\/h2>\n<p>O Propriet\u00e1rio informa que relativamente aos seus dados pessoais tem o direito de:<\/p>\n<ul>\n<li>Solicite acesso aos dados armazenados.<\/li>\n<li>Solicitar retifica\u00e7\u00e3o ou exclus\u00e3o.<\/li>\n<li>Solicite a limita\u00e7\u00e3o do seu tratamento.<\/li>\n<li>Oponha-se ao tratamento.<\/li>\n<\/ul>\n<p>Voc\u00ea n\u00e3o pode exercer o direito \u00e0 portabilidade dos dados.<\/p>\n<p>O exerc\u00edcio destes direitos \u00e9 pessoal e, portanto, deve ser exercido diretamente pelo interessado, solicitando-o diretamente ao Propriet\u00e1rio, o que significa que qualquer cliente, assinante ou colaborador que tenha fornecido os seus dados a qualquer momento, pode contactar o Propriet\u00e1rio e solicitar informa\u00e7\u00f5es sobre os dados que armazenou e como foram obtidos, solicitar a sua retifica\u00e7\u00e3o, opor-se ao tratamento, limitar a sua utiliza\u00e7\u00e3o ou solicitar a elimina\u00e7\u00e3o dos referidos dados dos ficheiros do Titular.<\/p>\n<p>Para exercer os seus direitos dever\u00e1 enviar o seu pedido acompanhado de uma fotoc\u00f3pia do Documento Nacional de Identidade ou equivalente para o endere\u00e7o eletr\u00f3nico: info@verxoenergia.es<\/p>\n<p>O exerc\u00edcio destes direitos n\u00e3o inclui quaisquer dados que o Propriet\u00e1rio seja obrigado a reter para fins administrativos, legais ou de seguran\u00e7a.<\/p>\n<p>Tem direito a uma prote\u00e7\u00e3o judicial efetiva e a apresentar uma reclama\u00e7\u00e3o junto da autoridade de controlo, neste caso, a Ag\u00eancia Espanhola de Prote\u00e7\u00e3o de Dados, se considerar que o tratamento dos dados pessoais que lhe dizem respeito viola o Regulamento.<\/p>\n<h2 id=\"finalidade-de-processamento de dados pessoais\">Finalidade do processamento de dados pessoais<\/h2>\n<p>Quando voc\u00ea se conecta ao Site para enviar um e-mail ao Propriet\u00e1rio, assina sua newsletter, voc\u00ea est\u00e1 fornecendo informa\u00e7\u00f5es pessoais pelas quais o Propriet\u00e1rio \u00e9 respons\u00e1vel. Essas informa\u00e7\u00f5es podem incluir dados pessoais, como endere\u00e7o IP, nome e sobrenome, endere\u00e7o f\u00edsico, endere\u00e7o de e-mail, n\u00famero de telefone e outras informa\u00e7\u00f5es. Ao fornecer essas informa\u00e7\u00f5es, voc\u00ea consente que suas informa\u00e7\u00f5es sejam coletadas, utilizadas, gerenciadas e armazenadas por \u2014 Verxo Desarrollo S.A. &#8211; Assim como descrito nas p\u00e1ginas:<\/p>\n<ul>\n<li><a href=\"https:\/\/verxoenergia.es\/pt-pt\/aviso-legal\/\">Aviso Legal<\/a><\/li>\n<li><a href=\"https:\/\/verxoenergia.es\/politica-de-privacidad\/\">Pol\u00edtica de Privacidade<\/a><\/li>\n<\/ul>\n<p>Os dados pessoais e a finalidade do tratamento pelo Propriet\u00e1rio s\u00e3o diferentes dependendo do sistema de captura de informa\u00e7\u00e3o:<\/p>\n<p>Existem outras finalidades para as quais o Propriet\u00e1rio processa dados pessoais:<\/p>\n<ul>\n<li>Para garantir o cumprimento das condi\u00e7\u00f5es estabelecidas na p\u00e1gina do Aviso Legal e da legisla\u00e7\u00e3o aplic\u00e1vel. Isto pode incluir o desenvolvimento de ferramentas e algoritmos que ajudem o Site a garantir a confidencialidade dos dados pessoais que coleta.<\/li>\n<li>Para apoiar e melhorar os servi\u00e7os oferecidos por este site.<\/li>\n<\/ul>\n<h2>Seguran\u00e7a dos dados pessoais<\/h2>\n<p>Para proteger os seus dados pessoais, o Propriet\u00e1rio toma todas as precau\u00e7\u00f5es razo\u00e1veis \u200b\u200be segue as melhores pr\u00e1ticas da ind\u00fastria para evitar a sua perda, utiliza\u00e7\u00e3o indevida, acesso indevido, divulga\u00e7\u00e3o, altera\u00e7\u00e3o ou destrui\u00e7\u00e3o dos mesmos.<\/p>\n<p>Os seus dados poder\u00e3o ser incorporados num ficheiro de mailing list, do qual o Propriet\u00e1rio \u00e9 respons\u00e1vel pela sua gest\u00e3o e tratamento. A seguran\u00e7a dos seus dados \u00e9 garantida, uma vez que o Titular toma todas as medidas de seguran\u00e7a necess\u00e1rias e garante que os dados pessoais apenas ser\u00e3o utilizados para os fins indicados.<\/p>\n<p>O Propriet\u00e1rio informa ao Utilizador que os seus dados pessoais n\u00e3o ser\u00e3o cedidos a terceiros organismos, salvo se a referida transfer\u00eancia de dados estiver abrangida por uma obriga\u00e7\u00e3o legal ou quando a presta\u00e7\u00e3o de um servi\u00e7o implique a necessidade de uma rela\u00e7\u00e3o contratual com um respons\u00e1vel. de tratamento. Neste \u00faltimo caso, a transfer\u00eancia de dados a terceiros s\u00f3 ser\u00e1 realizada quando o Propriet\u00e1rio tiver o consentimento expresso do Utilizador.<\/p>\n<p>No entanto, em alguns casos podem ser realizadas colabora\u00e7\u00f5es com outros profissionais, nesses casos ser\u00e1 necess\u00e1rio o consentimento do Utilizador, informando-o da identidade do colaborador e da finalidade da colabora\u00e7\u00e3o. Ser\u00e1 sempre realizado com as mais rigorosas normas de seguran\u00e7a.<\/p>\n<h2>Conte\u00fado de outros sites<\/h2>\n<p>As p\u00e1ginas deste site podem incluir conte\u00fado incorporado (por exemplo, v\u00eddeos, imagens, artigos, etc.). O conte\u00fado incorporado de outros sites se comporta exatamente da mesma forma como se voc\u00ea tivesse visitado o outro site.<\/p>\n<p>Esses sites podem coletar dados sobre voc\u00ea, usar cookies, incorporar c\u00f3digo de rastreamento adicional de terceiros e monitorar sua intera\u00e7\u00e3o usando esse c\u00f3digo.<\/p>\n<h2>Pol\u00edtica de Cookies<\/h2>\n<p>Para que este site funcione corretamente \u00e9 necess\u00e1rio utilizar cookies, que s\u00e3o informa\u00e7\u00f5es armazenadas no seu navegador.<\/p>\n<h2>Legitima\u00e7\u00e3o para tratamento de dados<\/h2>\n<p>A base legal para o tratamento dos seus dados \u00e9:<\/p>\n<ul>\n<li>O consentimento da parte interessada.<\/li>\n<\/ul>\n<h2>Categorias de dados pessoais<\/h2>\n<p>As categorias de dados pessoais tratados pelo Propriet\u00e1rio s\u00e3o:<\/p>\n<ul>\n<li>Identifica\u00e7\u00e3o de dados.<\/li>\n<li>Nenhuma categoria de dados especialmente protegida \u00e9 processada.<\/li>\n<\/ul>\n<h2>Preserva\u00e7\u00e3o de dados pessoais<\/h2>\n<p>Os dados pessoais fornecidos ao Titular ser\u00e3o conservados at\u00e9 que solicite a sua elimina\u00e7\u00e3o.<\/p>\n<div id=\"destinat\u00e1rios\">\n<h2>Destinat\u00e1rios dos dados pessoais<\/h2>\n<ul>\n<li><b>Google Analytics<\/b>\u00a0\u00e9 um servi\u00e7o de an\u00e1lise da web fornecido pela Google, Inc., uma empresa de Delaware com sede em 1600 Amphitheatre Parkway, Mountain View (Calif\u00f3rnia), CA 94043, Estados Unidos (&#8220;Google &#8220;).<br \/>\nO Google Analytics utiliza \u201ccookies\u201d, que s\u00e3o arquivos de texto localizados no seu computador, para ajudar o Propriet\u00e1rio a analisar o uso que os Usu\u00e1rios fazem do Site. As informa\u00e7\u00f5es geradas pelo cookie sobre a sua utiliza\u00e7\u00e3o do site (incluindo o endere\u00e7o IP) ser\u00e3o diretamente transmitidas e armazenadas pelo Google em servidores nos Estados Unidos.<br \/>\nMais informa\u00e7\u00f5es em:\u00a0<a href=\"https:\/\/policies.google.com\/privacy?hl=es-ES\" target=\"_blank\" rel=\"nofollow noopener\">https:\/\/analytics.google.com<\/ a><\/li>\n<\/ul>\n<\/div>\n<p>Voc\u00ea pode ver como o Google gerencia a privacidade em rela\u00e7\u00e3o ao uso de cookies e outras informa\u00e7\u00f5es na p\u00e1gina da Pol\u00edtica de Privacidade do Google:\u00a0<a href=\"https:\/\/policies.google.com\/privacy?hl=en\" target=\"_blank\" rel=\"nofollow noopener\">https:\/\/policies.google.com\/privacy?hl=es<\/a><\/p>\n<p>Voc\u00ea tamb\u00e9m pode ver uma lista dos tipos de cookies utilizados pelo Google e seus colaboradores e todas as informa\u00e7\u00f5es sobre o uso de cookies publicit\u00e1rios em:<\/p>\n<ul>\n<li><a href=\"https:\/\/policies.google.com\/technologies\/types?hl=es\" target=\"_blank\" rel=\"nofollow noopener\">Tipos de cookies usados \u200b\u200bpelo Google<\/a><\/ li>\n<li><a href=\"https:\/\/policies.google.com\/technologies\/ads?hl=es\" target=\"_blank\" rel=\"nofollow noopener\">Como o Google usa cookies em publicidade<\/a>. < \/li>\n<\/ul>\n<h2>Navega\u00e7\u00e3o na Web<\/h2>\n<p>Ao navegar no Site, poder\u00e3o ser recolhidos dados n\u00e3o identific\u00e1veis, que podem incluir endere\u00e7o IP, geolocaliza\u00e7\u00e3o, registo de utiliza\u00e7\u00e3o dos servi\u00e7os e sites, h\u00e1bitos de navega\u00e7\u00e3o e outros dados que n\u00e3o podem ser utilizados para o identificar.<\/p>\n<p>O Site utiliza os seguintes servi\u00e7os de an\u00e1lise de terceiros:<\/p>\n<ul>\n<li>Google Analytics.<\/li>\n<\/ul>\n<p>O Propriet\u00e1rio utiliza a informa\u00e7\u00e3o obtida para obter dados estat\u00edsticos, analisar tend\u00eancias, administrar o site, estudar padr\u00f5es de navega\u00e7\u00e3o e recolher informa\u00e7\u00e3o demogr\u00e1fica.<\/p>\n<p>O Propriet\u00e1rio n\u00e3o \u00e9 respons\u00e1vel pelo tratamento de dados pessoais realizado pelas p\u00e1ginas web que podem ser acessadas atrav\u00e9s dos diversos links contidos no Site.<\/p>\n<h2>Precis\u00e3o e veracidade dos dados pessoais<\/h2>\n<p>Voc\u00ea se compromete a que os dados fornecidos ao Propriet\u00e1rio sejam corretos, completos, exatos e atuais, bem como a mant\u00ea-los devidamente atualizados.<\/p>\n<p>Como Utilizador do Site, voc\u00ea \u00e9 o \u00fanico respons\u00e1vel pela veracidade e exatid\u00e3o dos dados enviados ao Site, exonerando o Propriet\u00e1rio de qualquer responsabilidade a este respeito.<\/p>\n<h2>Aceita\u00e7\u00e3o e consentimento<\/h2>\n<p>Como Utilizador do Site, declara ter sido informado das condi\u00e7\u00f5es relativas \u00e0 prote\u00e7\u00e3o de dados pessoais, e aceita e consente o seu tratamento pelo Propriet\u00e1rio na forma e para os fins indicados nesta Pol\u00edtica de Privacidade.<\/p>\n<p>Para entrar em contato com o Propriet\u00e1rio, assinar uma newsletter ou fazer coment\u00e1rios neste Site, voc\u00ea deve aceitar esta Pol\u00edtica de Privacidade.<\/p>\n<h2>Altera\u00e7\u00f5es na Pol\u00edtica de Privacidade<\/h2>\n<p>O Propriet\u00e1rio reserva-se o direito de modificar esta Pol\u00edtica de Privacidade para adapt\u00e1-la aos desenvolvimentos legislativos ou jurisprudenciais, bem como \u00e0s pr\u00e1ticas do setor.<\/p>\n<p>Estas pol\u00edticas permanecer\u00e3o em vigor at\u00e9 que sejam modificadas por outras devidamente publicadas.<\/p>\n","protected":false},"excerpt":{"rendered":"<p>O Propriet\u00e1rio informa sobre sua Pol\u00edtica de Privacidade em rela\u00e7\u00e3o ao tratamento e prote\u00e7\u00e3o dos dados pessoais dos usu\u00e1rios que podem ser coletados durante a navega\u00e7\u00e3o no Site:\u00a0https:\/\/ verxoenergia.es Neste sentido, o Propriet\u00e1rio garante o cumprimento da regulamenta\u00e7\u00e3o em vigor em mat\u00e9ria de prote\u00e7\u00e3o de dados pessoais, refletida na Lei Org\u00e2nica 3\/2018, de 5 de dezembro, de Prote\u00e7\u00e3o de Dados Pessoais e Garantia de Direitos Digitais (LOPD GDD). Tamb\u00e9m est\u00e1 em conformidade com o Regulamento (UE) 2016\/679 do Parlamento Europeu e do Conselho de 27 de abril de 2016 relativo \u00e0 prote\u00e7\u00e3o de pessoas f\u00edsicas (GDPR). A utiliza\u00e7\u00e3o do site implica a aceita\u00e7\u00e3o desta Pol\u00edtica de Privacidade bem como das condi\u00e7\u00f5es constantes do Aviso Legal. Identidade do Controlador Respons\u00e1vel:\u00a0 Verxo Desarrollo S.A.. NIF: A56223845 Endere\u00e7o:\u00a0 Paseo Castellana, 200, Madrid &#8211; Espanha. E-mail:\u00a0 info@verxoenergia.es Site:\u00a0\u00a0https:\/\/verxoenergia.es Princ\u00edpios aplicados no processamento de dados No tratamento dos seus dados pessoais, o Titular aplicar\u00e1 os seguintes princ\u00edpios que cumprem os requisitos do novo regulamento europeu de prote\u00e7\u00e3o de dados (GDPR): Princ\u00edpio da legalidade, lealdade e transpar\u00eancia: O Propriet\u00e1rio exigir\u00e1 sempre o consentimento para o tratamento dos dados pessoais, que poder\u00e1 ser para uma ou mais finalidades espec\u00edficas sobre as quais o Propriet\u00e1rio informar\u00e1 previamente o Utilizador com absoluta transpar\u00eancia. > Princ\u00edpio da minimiza\u00e7\u00e3o de dados: O Propriet\u00e1rio solicitar\u00e1 apenas os dados estritamente necess\u00e1rios para a finalidade ou finalidades para as quais s\u00e3o solicitados. Princ\u00edpio de limita\u00e7\u00e3o do prazo de conserva\u00e7\u00e3o: O Titular conservar\u00e1 os dados pessoais recolhidos pelo tempo estritamente necess\u00e1rio \u00e0 finalidade ou finalidades do tratamento. O Propriet\u00e1rio informar\u00e1 ao Utilizador o per\u00edodo de conserva\u00e7\u00e3o correspondente de acordo com a finalidade. No caso de assinaturas, o Propriet\u00e1rio revisar\u00e1 periodicamente as listas e excluir\u00e1 os registros que estiverem inativos por um tempo consider\u00e1vel. Princ\u00edpio da integridade e confidencialidade: Os dados pessoais recolhidos ser\u00e3o tratados de forma a garantir a sua seguran\u00e7a, confidencialidade e integridade. O Propriet\u00e1rio toma as precau\u00e7\u00f5es necess\u00e1rias para evitar o acesso n\u00e3o autorizado ou a utiliza\u00e7\u00e3o indevida dos dados dos seus utilizadores por terceiros. Obten\u00e7\u00e3o de dados pessoais Para navegar no site n\u00e3o \u00e9 necess\u00e1rio fornecer quaisquer dados pessoais. Direitos O Propriet\u00e1rio informa que relativamente aos seus dados pessoais tem o direito de: Solicite acesso aos dados armazenados. Solicitar retifica\u00e7\u00e3o ou exclus\u00e3o. Solicite a limita\u00e7\u00e3o do seu tratamento. Oponha-se ao tratamento. Voc\u00ea n\u00e3o pode exercer o direito \u00e0 portabilidade dos dados. O exerc\u00edcio destes direitos \u00e9 pessoal e, portanto, deve ser exercido diretamente pelo interessado, solicitando-o diretamente ao Propriet\u00e1rio, o que significa que qualquer cliente, assinante ou colaborador que tenha fornecido os seus dados a qualquer momento, pode contactar o Propriet\u00e1rio e solicitar informa\u00e7\u00f5es sobre os dados que armazenou e como foram obtidos, solicitar a sua retifica\u00e7\u00e3o, opor-se ao tratamento, limitar a sua utiliza\u00e7\u00e3o ou solicitar a elimina\u00e7\u00e3o dos referidos dados dos ficheiros do Titular. Para exercer os seus direitos dever\u00e1 enviar o seu pedido acompanhado de uma fotoc\u00f3pia do Documento Nacional de Identidade ou equivalente para o endere\u00e7o eletr\u00f3nico: info@verxoenergia.es O exerc\u00edcio destes direitos n\u00e3o inclui quaisquer dados que o Propriet\u00e1rio seja obrigado a reter para fins administrativos, legais ou de seguran\u00e7a. Tem direito a uma prote\u00e7\u00e3o judicial efetiva e a apresentar uma reclama\u00e7\u00e3o junto da autoridade de controlo, neste caso, a Ag\u00eancia Espanhola de Prote\u00e7\u00e3o de Dados, se considerar que o tratamento dos dados pessoais que lhe dizem respeito viola o Regulamento. Finalidade do processamento de dados pessoais Quando voc\u00ea se conecta ao Site para enviar um e-mail ao Propriet\u00e1rio, assina sua newsletter, voc\u00ea est\u00e1 fornecendo informa\u00e7\u00f5es pessoais pelas quais o Propriet\u00e1rio \u00e9 respons\u00e1vel. Essas informa\u00e7\u00f5es podem incluir dados pessoais, como endere\u00e7o IP, nome e sobrenome, endere\u00e7o f\u00edsico, endere\u00e7o de e-mail, n\u00famero de telefone e outras informa\u00e7\u00f5es. Ao fornecer essas informa\u00e7\u00f5es, voc\u00ea consente que suas informa\u00e7\u00f5es sejam coletadas, utilizadas, gerenciadas e armazenadas por \u2014 Verxo Desarrollo S.A. &#8211; Assim como descrito nas p\u00e1ginas: Aviso Legal Pol\u00edtica de Privacidade Os dados pessoais e a finalidade do tratamento pelo Propriet\u00e1rio s\u00e3o diferentes dependendo do sistema de captura de informa\u00e7\u00e3o: Existem outras finalidades para as quais o Propriet\u00e1rio processa dados pessoais: Para garantir o cumprimento das condi\u00e7\u00f5es estabelecidas na p\u00e1gina do Aviso Legal e da legisla\u00e7\u00e3o aplic\u00e1vel. Isto pode incluir o desenvolvimento de ferramentas e algoritmos que ajudem o Site a garantir a confidencialidade dos dados pessoais que coleta. Para apoiar e melhorar os servi\u00e7os oferecidos por este site. Seguran\u00e7a dos dados pessoais Para proteger os seus dados pessoais, o Propriet\u00e1rio toma todas as precau\u00e7\u00f5es razo\u00e1veis \u200b\u200be segue as melhores pr\u00e1ticas da ind\u00fastria para evitar a sua perda, utiliza\u00e7\u00e3o indevida, acesso indevido, divulga\u00e7\u00e3o, altera\u00e7\u00e3o ou destrui\u00e7\u00e3o dos mesmos. Os seus dados poder\u00e3o ser incorporados num ficheiro de mailing list, do qual o Propriet\u00e1rio \u00e9 respons\u00e1vel pela sua gest\u00e3o e tratamento. A seguran\u00e7a dos seus dados \u00e9 garantida, uma vez que o Titular toma todas as medidas de seguran\u00e7a necess\u00e1rias e garante que os dados pessoais apenas ser\u00e3o utilizados para os fins indicados. O Propriet\u00e1rio informa ao Utilizador que os seus dados pessoais n\u00e3o ser\u00e3o cedidos a terceiros organismos, salvo se a referida transfer\u00eancia de dados estiver abrangida por uma obriga\u00e7\u00e3o legal ou quando a presta\u00e7\u00e3o de um servi\u00e7o implique a necessidade de uma rela\u00e7\u00e3o contratual com um respons\u00e1vel. de tratamento. Neste \u00faltimo caso, a transfer\u00eancia de dados a terceiros s\u00f3 ser\u00e1 realizada quando o Propriet\u00e1rio tiver o consentimento expresso do Utilizador. No entanto, em alguns casos podem ser realizadas colabora\u00e7\u00f5es com outros profissionais, nesses casos ser\u00e1 necess\u00e1rio o consentimento do Utilizador, informando-o da identidade do colaborador e da finalidade da colabora\u00e7\u00e3o. Ser\u00e1 sempre realizado com as mais rigorosas normas de seguran\u00e7a. Conte\u00fado de outros sites As p\u00e1ginas deste site podem incluir conte\u00fado incorporado (por exemplo, v\u00eddeos, imagens, artigos, etc.). O conte\u00fado incorporado de outros sites se comporta exatamente da mesma forma como se voc\u00ea tivesse visitado o outro site. Esses sites podem coletar dados sobre voc\u00ea, usar cookies, incorporar c\u00f3digo de rastreamento adicional de terceiros e monitorar sua intera\u00e7\u00e3o usando esse c\u00f3digo. Pol\u00edtica de Cookies Para que este site funcione corretamente \u00e9 necess\u00e1rio utilizar cookies, que s\u00e3o informa\u00e7\u00f5es armazenadas no seu navegador.<\/p>\n","protected":false},"author":1,"featured_media":0,"parent":0,"menu_order":0,"comment_status":"closed","ping_status":"closed","template":"","meta":{"_acf_changed":false,"footnotes":""},"class_list":["post-2341","page","type-page","status-publish","hentry"],"acf":[],"_links":{"self":[{"href":"https:\/\/verxoenergia.es\/pt-pt\/wp-json\/wp\/v2\/pages\/2341","targetHints":{"allow":["GET"]}}],"collection":[{"href":"https:\/\/verxoenergia.es\/pt-pt\/wp-json\/wp\/v2\/pages"}],"about":[{"href":"https:\/\/verxoenergia.es\/pt-pt\/wp-json\/wp\/v2\/types\/page"}],"author":[{"embeddable":true,"href":"https:\/\/verxoenergia.es\/pt-pt\/wp-json\/wp\/v2\/users\/1"}],"replies":[{"embeddable":true,"href":"https:\/\/verxoenergia.es\/pt-pt\/wp-json\/wp\/v2\/comments?post=2341"}],"version-history":[{"count":3,"href":"https:\/\/verxoenergia.es\/pt-pt\/wp-json\/wp\/v2\/pages\/2341\/revisions"}],"predecessor-version":[{"id":2350,"href":"https:\/\/verxoenergia.es\/pt-pt\/wp-json\/wp\/v2\/pages\/2341\/revisions\/2350"}],"wp:attachment":[{"href":"https:\/\/verxoenergia.es\/pt-pt\/wp-json\/wp\/v2\/media?parent=2341"}],"curies":[{"name":"wp","href":"https:\/\/api.w.org\/{rel}","templated":true}]}}