{"id":2338,"date":"2023-12-18T15:56:33","date_gmt":"2023-12-18T14:56:33","guid":{"rendered":"https:\/\/verxoenergia.es\/aviso-legal\/"},"modified":"2023-12-18T15:56:33","modified_gmt":"2023-12-18T14:56:33","slug":"aviso-legal","status":"publish","type":"page","link":"https:\/\/verxoenergia.es\/pt-pt\/aviso-legal\/","title":{"rendered":"Aviso legal"},"content":{"rendered":"<div class=\"page-content\">\n<h2>Identifica\u00e7\u00e3o e propriedade<\/h2>\n<p>Em conformidade com o artigo 10\u00ba da Lei 34\/2002, de 11 de julho, de Servi\u00e7os da Sociedade da Informa\u00e7\u00e3o e Com\u00e9rcio Eletr\u00f3nico, o Titular apresenta os seus dados de identifica\u00e7\u00e3o:<\/p>\n<ul>\n<li><b>Titular:<\/b> Verxo Desarrollo S.A..<\/li>\n<li><b>NIF:<\/b> A56223845<\/li>\n<li><b>Domicilio:<\/b> Paseo Castellana, 200, Madrid &#8211; Espa\u00f1a.<\/li>\n<li><b>Correo electr\u00f3nico:<\/b> info@verxoenergia.es<\/li>\n<li><b>Sitio Web:<\/b> <a href=\"https:\/\/verxoenergia.es\/\">https:\/\/verxoenergia.es<\/a><\/li>\n<\/ul>\n<h2>Finalidade<\/h2>\n<p>O objetivo do s\u00edtio Web \u00e9: Com\u00e9rcio de energia el\u00e9ctrica. Produ\u00e7\u00e3o de energia hidroel\u00e9trica. Produ\u00e7\u00e3o de eletricidade t\u00e9rmica convencional. Produ\u00e7\u00e3o de eletricidade nuclear. Produ\u00e7\u00e3o de eletricidade a partir da energia e\u00f3lica. Produ\u00e7\u00e3o de eletricidade de outros tipos.<\/p>\n<h2>Condi\u00e7\u00f5es de utiliza\u00e7\u00e3o<\/h2>\n<p>A utiliza\u00e7\u00e3o do s\u00edtio Web confere-lhe o estatuto de Utilizador e implica a plena aceita\u00e7\u00e3o de todas as cl\u00e1usulas e condi\u00e7\u00f5es de utiliza\u00e7\u00e3o inclu\u00eddas nas p\u00e1ginas:<\/p>\n<ul>\n<li><a href=\"https:\/\/verxoenergia.es\/aviso-legal\/\">Aviso Legal<\/a><\/li>\n<li><a href=\"https:\/\/verxoenergia.es\/politica-de-privacidad\/\">Pol\u00edtica de privacidade<\/a><\/li>\n<\/ul>\n<p>Se o utilizador n\u00e3o concordar com todos e cada um destes termos e condi\u00e7\u00f5es, n\u00e3o deve utilizar o s\u00edtio Web.<\/p>\n<p>O acesso ao s\u00edtio Web n\u00e3o implica de modo algum o in\u00edcio de uma rela\u00e7\u00e3o comercial com o Propriet\u00e1rio.<\/p>\n<p>Atrav\u00e9s do Website, o Propriet\u00e1rio proporciona-lhe o acesso e a utiliza\u00e7\u00e3o de diversos conte\u00fados que o Propriet\u00e1rio e\/ou os seus colaboradores publicaram na Internet.<\/p>\n<p>Para o efeito, o utilizador obriga-se e compromete-se a N\u00c3O utilizar nenhum dos conte\u00fados do S\u00edtio Web para fins ou efeitos il\u00edcitos, proibidos no presente Aviso Legal ou na legisla\u00e7\u00e3o em vigor, lesivos dos direitos e interesses de terceiros, ou que de qualquer forma possam danificar, inutilizar, sobrecarregar, deteriorar ou impedir a normal utiliza\u00e7\u00e3o dos conte\u00fados, equipamentos inform\u00e1ticos ou documentos, ficheiros e todo o tipo de conte\u00fados armazenados em qualquer equipamento inform\u00e1tico propriedade ou contratado pelo Propriet\u00e1rio, por outros utilizadores ou por qualquer utilizador da Internet.<\/p>\n<h2>Medidas de seguran\u00e7a<\/h2>\n<p>Os dados pessoais fornecidos ao Titular podem ser armazenados em bases de dados automatizadas ou n\u00e3o automatizadas, cuja propriedade corresponde exclusivamente ao Titular, que assume todas as medidas t\u00e9cnicas, organizacionais e de seguran\u00e7a que garantem a confidencialidade, integridade e qualidade das informa\u00e7\u00f5es nelas contidas, de acordo com as disposi\u00e7\u00f5es da legisla\u00e7\u00e3o em vigor sobre prote\u00e7\u00e3o de dados.<\/p>\n<p>No entanto, deve estar ciente de que as medidas de seguran\u00e7a dos sistemas inform\u00e1ticos na Internet n\u00e3o s\u00e3o totalmente fi\u00e1veis e que, portanto, o Titular n\u00e3o pode garantir a inexist\u00eancia de v\u00edrus ou outros elementos que possam causar altera\u00e7\u00f5es nos sistemas inform\u00e1ticos do Utilizador (software e hardware) ou nos seus documentos electr\u00f3nicos e ficheiros neles contidos, embora o Titular fa\u00e7a todos os esfor\u00e7os e tome as medidas de seguran\u00e7a necess\u00e1rias para evitar a presen\u00e7a desses elementos nocivos.<\/p>\n<h2>Processamento de dados pessoais<\/h2>\n<p>Pode consultar todas as informa\u00e7\u00f5es relativas ao tratamento dos dados pessoais recolhidos pelo respons\u00e1vel pelo tratamento de dados na p\u00e1gina <a href=\"https:\/\/verxoenergia.es\/politica-de-privacidad\/\">Pol\u00edtica de privacidade<\/a>.<\/p>\n<h2>Conte\u00fado<\/h2>\n<p>O Propriet\u00e1rio obteve as informa\u00e7\u00f5es, o conte\u00fado multim\u00e9dia e os materiais contidos no Website de fontes que acredita serem confi\u00e1veis, mas embora tenha tomado todas as medidas razo\u00e1veis para garantir que as informa\u00e7\u00f5es contidas sejam corretas, o Propriet\u00e1rio n\u00e3o garante que sejam precisas, completas ou atualizadas. O Propriet\u00e1rio declina expressamente qualquer responsabilidade por erros ou omiss\u00f5es nas informa\u00e7\u00f5es contidas nas p\u00e1ginas do s\u00edtio Web.<\/p>\n<p>\u00c9 proibido transmitir ou enviar atrav\u00e9s do S\u00edtio Web quaisquer conte\u00fados ilegais ou il\u00edcitos, v\u00edrus inform\u00e1ticos ou mensagens que, em geral, afectem ou violem os direitos do Propriet\u00e1rio ou de terceiros.<\/p>\n<p>O conte\u00fado do s\u00edtio Web tem apenas fins informativos e n\u00e3o deve, em circunst\u00e2ncia alguma, ser utilizado ou considerado como uma oferta de venda, uma solicita\u00e7\u00e3o de uma oferta de compra ou uma recomenda\u00e7\u00e3o para efetuar qualquer outra transa\u00e7\u00e3o, salvo indica\u00e7\u00e3o expressa em contr\u00e1rio.<\/p>\n<p>O Propriet\u00e1rio reserva-se o direito de modificar, suspender, cancelar ou restringir o conte\u00fado do Website, liga\u00e7\u00f5es ou informa\u00e7\u00f5es obtidas atrav\u00e9s do Website, sem aviso pr\u00e9vio.<\/p>\n<p>O Propriet\u00e1rio n\u00e3o poder\u00e1 ser responsabilizado por quaisquer danos que possam resultar da utiliza\u00e7\u00e3o das informa\u00e7\u00f5es contidas no s\u00edtio Web.<\/p>\n<h2>Pol\u00edtica de cookies<\/h2>\n<p>O Propriet\u00e1rio obt\u00e9m e ret\u00e9m as seguintes informa\u00e7\u00f5es sobre os visitantes do S\u00edtio Web:<\/p>\n<ul>\n<li>O nome de dom\u00ednio do fornecedor (ISP) e\/ou o endere\u00e7o IP que lhe d\u00e1 acesso \u00e0 rede.<\/li>\n<li>A data e a hora de acesso ao s\u00edtio Web.<\/li>\n<li>O endere\u00e7o Internet de origem da liga\u00e7\u00e3o ao s\u00edtio Web.<\/li>\n<li>O n\u00famero de visitantes di\u00e1rios de cada sec\u00e7\u00e3o.<\/li>\n<li>As informa\u00e7\u00f5es obtidas s\u00e3o completamente an\u00f3nimas e n\u00e3o podem, em caso algum, ser associadas a um Utilizador espec\u00edfico e identificado.<\/li>\n<\/ul>\n<h2>Liga\u00e7\u00f5es para outros s\u00edtios Web<\/h2>\n<p>O Propriet\u00e1rio poder\u00e1 facultar ao Utilizador o acesso a sites de terceiros atrav\u00e9s de links com o \u00fanico objetivo de o informar da exist\u00eancia de outras fontes de informa\u00e7\u00e3o na Internet onde poder\u00e1 encontrar mais informa\u00e7\u00f5es sobre o Site.<\/p>\n<p>Estas liga\u00e7\u00f5es a outros s\u00edtios Web n\u00e3o constituem de forma alguma uma sugest\u00e3o ou recomenda\u00e7\u00e3o para visitar os s\u00edtios Web de destino, que est\u00e3o fora do controlo do Propriet\u00e1rio, e o Propriet\u00e1rio n\u00e3o \u00e9 respons\u00e1vel pelo conte\u00fado dos s\u00edtios Web ligados ou pelo resultado obtido ao seguir as liga\u00e7\u00f5es. Da mesma forma, o Propriet\u00e1rio n\u00e3o \u00e9 respons\u00e1vel pelas liga\u00e7\u00f5es ou links localizados nos sites ligados aos quais d\u00e1 acesso.<\/p>\n<p>O estabelecimento da liga\u00e7\u00e3o n\u00e3o implica, em caso algum, a exist\u00eancia de uma rela\u00e7\u00e3o entre o Titular e o propriet\u00e1rio do s\u00edtio onde a liga\u00e7\u00e3o \u00e9 estabelecida, nem a aceita\u00e7\u00e3o ou aprova\u00e7\u00e3o pelo Titular dos seus conte\u00fados ou servi\u00e7os.<\/p>\n<p>Se aceder a um s\u00edtio Web externo a partir de uma liga\u00e7\u00e3o encontrada no s\u00edtio Web, deve ler a pol\u00edtica de privacidade do outro s\u00edtio Web, que pode ser diferente da deste s\u00edtio Web.<\/p>\n<h2>Propriedade intelectual e industrial<\/h2>\n<p>Todos os direitos reservados.<\/p>\n<p>O acesso a este s\u00edtio Web est\u00e1 sujeito \u00e0s seguintes condi\u00e7\u00f5es: a reprodu\u00e7\u00e3o, o armazenamento permanente e a divulga\u00e7\u00e3o dos conte\u00fados ou qualquer outra utiliza\u00e7\u00e3o para fins p\u00fablicos ou comerciais s\u00e3o expressamente proibidos sem o consentimento pr\u00e9vio e expresso por escrito do Propriet\u00e1rio.<\/p>\n<h2>Limita\u00e7\u00e3o da responsabilidade<\/h2>\n<p>O Propriet\u00e1rio declina qualquer responsabilidade em caso de interrup\u00e7\u00e3o ou de mau funcionamento dos Servi\u00e7os ou dos conte\u00fados propostos na Internet, qualquer que seja a sua causa. Da mesma forma, o Titular n\u00e3o ser\u00e1 respons\u00e1vel por interrup\u00e7\u00f5es na rede, perda de neg\u00f3cios como resultado de tais interrup\u00e7\u00f5es, interrup\u00e7\u00f5es tempor\u00e1rias de energia ou qualquer outro tipo de dano indireto que possa ser causado por causas fora do controlo do Titular.<\/p>\n<p>Antes de tomar decis\u00f5es e\/ou ac\u00e7\u00f5es com base nas informa\u00e7\u00f5es contidas no s\u00edtio Web, o Propriet\u00e1rio recomenda que o utilizador verifique e compare as informa\u00e7\u00f5es recebidas com outras fontes.<\/p>\n<h2>Jurisdi\u00e7\u00e3o<\/h2>\n<p>O presente Aviso Legal rege-se inteiramente pela legisla\u00e7\u00e3o espanhola.<\/p>\n<h2>Contacto<\/h2>\n<p>Se tiver alguma d\u00favida sobre este Aviso Legal ou quiser fazer coment\u00e1rios sobre o s\u00edtio Web, pode enviar uma mensagem de correio eletr\u00f3nico para o seguinte endere\u00e7o: info@verxoenergia.es<\/p>\n<\/div>\n","protected":false},"excerpt":{"rendered":"<p>Identifica\u00e7\u00e3o e propriedade Em conformidade com o artigo 10\u00ba da Lei 34\/2002, de 11 de julho, de Servi\u00e7os da Sociedade da Informa\u00e7\u00e3o e Com\u00e9rcio Eletr\u00f3nico, o Titular apresenta os seus dados de identifica\u00e7\u00e3o: Titular: Verxo Desarrollo S.A.. NIF: A56223845 Domicilio: Paseo Castellana, 200, Madrid &#8211; Espa\u00f1a. Correo electr\u00f3nico: info@verxoenergia.es Sitio Web: https:\/\/verxoenergia.es Finalidade O objetivo do s\u00edtio Web \u00e9: Com\u00e9rcio de energia el\u00e9ctrica. Produ\u00e7\u00e3o de energia hidroel\u00e9trica. Produ\u00e7\u00e3o de eletricidade t\u00e9rmica convencional. Produ\u00e7\u00e3o de eletricidade nuclear. Produ\u00e7\u00e3o de eletricidade a partir da energia e\u00f3lica. Produ\u00e7\u00e3o de eletricidade de outros tipos. Condi\u00e7\u00f5es de utiliza\u00e7\u00e3o A utiliza\u00e7\u00e3o do s\u00edtio Web confere-lhe o estatuto de Utilizador e implica a plena aceita\u00e7\u00e3o de todas as cl\u00e1usulas e condi\u00e7\u00f5es de utiliza\u00e7\u00e3o inclu\u00eddas nas p\u00e1ginas: Aviso Legal Pol\u00edtica de privacidade Se o utilizador n\u00e3o concordar com todos e cada um destes termos e condi\u00e7\u00f5es, n\u00e3o deve utilizar o s\u00edtio Web. O acesso ao s\u00edtio Web n\u00e3o implica de modo algum o in\u00edcio de uma rela\u00e7\u00e3o comercial com o Propriet\u00e1rio. Atrav\u00e9s do Website, o Propriet\u00e1rio proporciona-lhe o acesso e a utiliza\u00e7\u00e3o de diversos conte\u00fados que o Propriet\u00e1rio e\/ou os seus colaboradores publicaram na Internet. Para o efeito, o utilizador obriga-se e compromete-se a N\u00c3O utilizar nenhum dos conte\u00fados do S\u00edtio Web para fins ou efeitos il\u00edcitos, proibidos no presente Aviso Legal ou na legisla\u00e7\u00e3o em vigor, lesivos dos direitos e interesses de terceiros, ou que de qualquer forma possam danificar, inutilizar, sobrecarregar, deteriorar ou impedir a normal utiliza\u00e7\u00e3o dos conte\u00fados, equipamentos inform\u00e1ticos ou documentos, ficheiros e todo o tipo de conte\u00fados armazenados em qualquer equipamento inform\u00e1tico propriedade ou contratado pelo Propriet\u00e1rio, por outros utilizadores ou por qualquer utilizador da Internet. Medidas de seguran\u00e7a Os dados pessoais fornecidos ao Titular podem ser armazenados em bases de dados automatizadas ou n\u00e3o automatizadas, cuja propriedade corresponde exclusivamente ao Titular, que assume todas as medidas t\u00e9cnicas, organizacionais e de seguran\u00e7a que garantem a confidencialidade, integridade e qualidade das informa\u00e7\u00f5es nelas contidas, de acordo com as disposi\u00e7\u00f5es da legisla\u00e7\u00e3o em vigor sobre prote\u00e7\u00e3o de dados. No entanto, deve estar ciente de que as medidas de seguran\u00e7a dos sistemas inform\u00e1ticos na Internet n\u00e3o s\u00e3o totalmente fi\u00e1veis e que, portanto, o Titular n\u00e3o pode garantir a inexist\u00eancia de v\u00edrus ou outros elementos que possam causar altera\u00e7\u00f5es nos sistemas inform\u00e1ticos do Utilizador (software e hardware) ou nos seus documentos electr\u00f3nicos e ficheiros neles contidos, embora o Titular fa\u00e7a todos os esfor\u00e7os e tome as medidas de seguran\u00e7a necess\u00e1rias para evitar a presen\u00e7a desses elementos nocivos. Processamento de dados pessoais Pode consultar todas as informa\u00e7\u00f5es relativas ao tratamento dos dados pessoais recolhidos pelo respons\u00e1vel pelo tratamento de dados na p\u00e1gina Pol\u00edtica de privacidade. Conte\u00fado O Propriet\u00e1rio obteve as informa\u00e7\u00f5es, o conte\u00fado multim\u00e9dia e os materiais contidos no Website de fontes que acredita serem confi\u00e1veis, mas embora tenha tomado todas as medidas razo\u00e1veis para garantir que as informa\u00e7\u00f5es contidas sejam corretas, o Propriet\u00e1rio n\u00e3o garante que sejam precisas, completas ou atualizadas. O Propriet\u00e1rio declina expressamente qualquer responsabilidade por erros ou omiss\u00f5es nas informa\u00e7\u00f5es contidas nas p\u00e1ginas do s\u00edtio Web. \u00c9 proibido transmitir ou enviar atrav\u00e9s do S\u00edtio Web quaisquer conte\u00fados ilegais ou il\u00edcitos, v\u00edrus inform\u00e1ticos ou mensagens que, em geral, afectem ou violem os direitos do Propriet\u00e1rio ou de terceiros. O conte\u00fado do s\u00edtio Web tem apenas fins informativos e n\u00e3o deve, em circunst\u00e2ncia alguma, ser utilizado ou considerado como uma oferta de venda, uma solicita\u00e7\u00e3o de uma oferta de compra ou uma recomenda\u00e7\u00e3o para efetuar qualquer outra transa\u00e7\u00e3o, salvo indica\u00e7\u00e3o expressa em contr\u00e1rio. O Propriet\u00e1rio reserva-se o direito de modificar, suspender, cancelar ou restringir o conte\u00fado do Website, liga\u00e7\u00f5es ou informa\u00e7\u00f5es obtidas atrav\u00e9s do Website, sem aviso pr\u00e9vio. O Propriet\u00e1rio n\u00e3o poder\u00e1 ser responsabilizado por quaisquer danos que possam resultar da utiliza\u00e7\u00e3o das informa\u00e7\u00f5es contidas no s\u00edtio Web. Pol\u00edtica de cookies O Propriet\u00e1rio obt\u00e9m e ret\u00e9m as seguintes informa\u00e7\u00f5es sobre os visitantes do S\u00edtio Web: O nome de dom\u00ednio do fornecedor (ISP) e\/ou o endere\u00e7o IP que lhe d\u00e1 acesso \u00e0 rede. A data e a hora de acesso ao s\u00edtio Web. O endere\u00e7o Internet de origem da liga\u00e7\u00e3o ao s\u00edtio Web. O n\u00famero de visitantes di\u00e1rios de cada sec\u00e7\u00e3o. As informa\u00e7\u00f5es obtidas s\u00e3o completamente an\u00f3nimas e n\u00e3o podem, em caso algum, ser associadas a um Utilizador espec\u00edfico e identificado. Liga\u00e7\u00f5es para outros s\u00edtios Web O Propriet\u00e1rio poder\u00e1 facultar ao Utilizador o acesso a sites de terceiros atrav\u00e9s de links com o \u00fanico objetivo de o informar da exist\u00eancia de outras fontes de informa\u00e7\u00e3o na Internet onde poder\u00e1 encontrar mais informa\u00e7\u00f5es sobre o Site. Estas liga\u00e7\u00f5es a outros s\u00edtios Web n\u00e3o constituem de forma alguma uma sugest\u00e3o ou recomenda\u00e7\u00e3o para visitar os s\u00edtios Web de destino, que est\u00e3o fora do controlo do Propriet\u00e1rio, e o Propriet\u00e1rio n\u00e3o \u00e9 respons\u00e1vel pelo conte\u00fado dos s\u00edtios Web ligados ou pelo resultado obtido ao seguir as liga\u00e7\u00f5es. Da mesma forma, o Propriet\u00e1rio n\u00e3o \u00e9 respons\u00e1vel pelas liga\u00e7\u00f5es ou links localizados nos sites ligados aos quais d\u00e1 acesso. O estabelecimento da liga\u00e7\u00e3o n\u00e3o implica, em caso algum, a exist\u00eancia de uma rela\u00e7\u00e3o entre o Titular e o propriet\u00e1rio do s\u00edtio onde a liga\u00e7\u00e3o \u00e9 estabelecida, nem a aceita\u00e7\u00e3o ou aprova\u00e7\u00e3o pelo Titular dos seus conte\u00fados ou servi\u00e7os. Se aceder a um s\u00edtio Web externo a partir de uma liga\u00e7\u00e3o encontrada no s\u00edtio Web, deve ler a pol\u00edtica de privacidade do outro s\u00edtio Web, que pode ser diferente da deste s\u00edtio Web. Propriedade intelectual e industrial Todos os direitos reservados. O acesso a este s\u00edtio Web est\u00e1 sujeito \u00e0s seguintes condi\u00e7\u00f5es: a reprodu\u00e7\u00e3o, o armazenamento permanente e a divulga\u00e7\u00e3o dos conte\u00fados ou qualquer outra utiliza\u00e7\u00e3o para fins p\u00fablicos ou comerciais s\u00e3o expressamente proibidos sem o consentimento pr\u00e9vio e expresso por escrito do Propriet\u00e1rio. Limita\u00e7\u00e3o da responsabilidade O Propriet\u00e1rio declina qualquer responsabilidade em caso de interrup\u00e7\u00e3o ou de mau funcionamento dos Servi\u00e7os ou dos conte\u00fados propostos na Internet, qualquer que seja a sua causa. Da mesma forma, o Titular n\u00e3o ser\u00e1 respons\u00e1vel por interrup\u00e7\u00f5es na rede, perda de neg\u00f3cios como resultado de tais interrup\u00e7\u00f5es, interrup\u00e7\u00f5es tempor\u00e1rias de energia ou qualquer outro tipo<\/p>\n","protected":false},"author":1,"featured_media":0,"parent":0,"menu_order":0,"comment_status":"closed","ping_status":"closed","template":"","meta":{"_acf_changed":false,"footnotes":""},"class_list":["post-2338","page","type-page","status-publish","hentry"],"acf":[],"_links":{"self":[{"href":"https:\/\/verxoenergia.es\/pt-pt\/wp-json\/wp\/v2\/pages\/2338","targetHints":{"allow":["GET"]}}],"collection":[{"href":"https:\/\/verxoenergia.es\/pt-pt\/wp-json\/wp\/v2\/pages"}],"about":[{"href":"https:\/\/verxoenergia.es\/pt-pt\/wp-json\/wp\/v2\/types\/page"}],"author":[{"embeddable":true,"href":"https:\/\/verxoenergia.es\/pt-pt\/wp-json\/wp\/v2\/users\/1"}],"replies":[{"embeddable":true,"href":"https:\/\/verxoenergia.es\/pt-pt\/wp-json\/wp\/v2\/comments?post=2338"}],"version-history":[{"count":0,"href":"https:\/\/verxoenergia.es\/pt-pt\/wp-json\/wp\/v2\/pages\/2338\/revisions"}],"wp:attachment":[{"href":"https:\/\/verxoenergia.es\/pt-pt\/wp-json\/wp\/v2\/media?parent=2338"}],"curies":[{"name":"wp","href":"https:\/\/api.w.org\/{rel}","templated":true}]}}