{"id":2340,"date":"2023-10-10T18:27:56","date_gmt":"2023-10-10T16:27:56","guid":{"rendered":"https:\/\/verxoenergia.es\/politica-de-privacidad\/"},"modified":"2023-12-19T11:36:52","modified_gmt":"2023-12-19T10:36:52","slug":"politique-de-confidentialite","status":"publish","type":"page","link":"https:\/\/verxoenergia.es\/fr\/politique-de-confidentialite\/","title":{"rendered":"Politique de confidentialit\u00e9"},"content":{"rendered":"<p>Le Propri\u00e9taire vous informe de sa Politique de Confidentialit\u00e9 concernant le traitement et la protection des donn\u00e9es personnelles des utilisateurs qui peuvent \u00eatre collect\u00e9es lors de la navigation sur le Site\u00a0:\u00a0<a href=\"https:\/\/verxoenergia.es\/politica -privacy\/\">https:\/\/ verxoenergia.es<\/a><\/p>\n<p>En ce sens, le Propri\u00e9taire garantit le respect de la r\u00e9glementation en vigueur en mati\u00e8re de protection des donn\u00e9es personnelles, refl\u00e9t\u00e9e dans la loi organique 3\/2018 du 5 d\u00e9cembre sur la protection des donn\u00e9es personnelles et la garantie des droits num\u00e9riques (LOPD GDD). Il est \u00e9galement conforme au R\u00e8glement (UE) 2016\/679 du Parlement europ\u00e9en et du Conseil du 27 avril 2016 relatif \u00e0 la protection des personnes physiques (RGPD).<\/p>\n<p>L&rsquo;utilisation du site Web implique l&rsquo;acceptation de la pr\u00e9sente politique de confidentialit\u00e9 ainsi que des conditions incluses dans les <a href=\"https:\/\/verxoenergia.es\/fr\/avis-juridique\/\">Mentions l\u00e9gales<\/a>.<\/p>\n<h2>Identit\u00e9 du contr\u00f4leur<\/h2>\n<ul>\n<li><b>Responsable\u00a0:<\/b>\u00a0 Verxo Desarrollo S.A..<\/li>\n<li><b>NIF\u00a0:<\/b> A56223845<\/li>\n<li><b>Adresse\u00a0:<\/b>\u00a0 Paseo Castellana, 200, Madrid &#8211; Espagne.<\/li>\n<li><b>E-mail\u00a0:<\/b>\u00a0 info@verxoenergia.es<\/li>\n<li><b>Site Web\u00a0:<\/b>\u00a0\u00a0<a href=\"https:\/\/verxoenergia.es\/politica-de-privacidad\/\">https:\/\/verxoenergia.es<\/a><\/li>\n<\/ul>\n<h2>Principes appliqu\u00e9s au traitement des donn\u00e9es<\/h2>\n<p>Dans le traitement de vos donn\u00e9es personnelles, le Propri\u00e9taire appliquera les principes suivants, conformes aux exigences du nouveau r\u00e8glement europ\u00e9en sur la protection des donn\u00e9es (RGPD)\u00a0:<\/p>\n<ul>\n<li>Principe de l\u00e9galit\u00e9, de loyaut\u00e9 et de transparence\u00a0: le Propri\u00e9taire exigera toujours le consentement pour le traitement des donn\u00e9es personnelles, qui peut \u00eatre destin\u00e9 \u00e0 une ou plusieurs finalit\u00e9s sp\u00e9cifiques dont le Propri\u00e9taire informera au pr\u00e9alable l&rsquo;Utilisateur en toute transparence.&lt;\/li &gt;<\/li>\n<li>Principe de minimisation des donn\u00e9es\u00a0: le Propri\u00e9taire demandera uniquement les donn\u00e9es strictement n\u00e9cessaires \u00e0 la ou aux finalit\u00e9s pour lesquelles elles sont demand\u00e9es.<\/li>\n<li>Principe de limitation de la dur\u00e9e de conservation\u00a0: Le Propri\u00e9taire conservera les donn\u00e9es personnelles collect\u00e9es pendant la dur\u00e9e strictement n\u00e9cessaire \u00e0 la ou aux finalit\u00e9s du traitement. Le Propri\u00e9taire informera l&rsquo;Utilisateur de la dur\u00e9e de conservation correspondante en fonction de la finalit\u00e9.<br \/>\nDans le cas d&rsquo;abonnements, le propri\u00e9taire examinera p\u00e9riodiquement les listes et supprimera les enregistrements inactifs pendant une p\u00e9riode consid\u00e9rable.<\/li>\n<li>Principe d&rsquo;int\u00e9grit\u00e9 et de confidentialit\u00e9\u00a0: les donn\u00e9es personnelles collect\u00e9es seront trait\u00e9es de mani\u00e8re \u00e0 ce que leur s\u00e9curit\u00e9, leur confidentialit\u00e9 et leur int\u00e9grit\u00e9 soient garanties.<br \/>\nLe Propri\u00e9taire prend les pr\u00e9cautions n\u00e9cessaires pour \u00e9viter tout acc\u00e8s non autoris\u00e9 ou toute utilisation inappropri\u00e9e des donn\u00e9es de ses utilisateurs par des tiers.<\/li>\n<\/ul>\n<h2>Obtention de donn\u00e9es personnelles<\/h2>\n<p>Pour naviguer sur le site, vous n&rsquo;avez pas besoin de fournir de donn\u00e9es personnelles.<\/p>\n<h2>Droits<\/h2>\n<p>Le Propri\u00e9taire vous informe qu&rsquo;en ce qui concerne vos donn\u00e9es personnelles, vous avez le droit de :<\/p>\n<ul>\n<li>Demander l&rsquo;acc\u00e8s aux donn\u00e9es stock\u00e9es.<\/li>\n<li>Demander une rectification ou une suppression.<\/li>\n<li>Demandez la limitation de votre traitement.<\/li>\n<li>S&rsquo;opposer au traitement.<\/li>\n<\/ul>\n<p>Vous ne pouvez pas exercer le droit \u00e0 la portabilit\u00e9 des donn\u00e9es.<\/p>\n<p>L&rsquo;exercice de ces droits est personnel et doit donc \u00eatre exerc\u00e9 directement par l&rsquo;int\u00e9ress\u00e9, en le demandant directement au Titulaire, ce qui signifie que tout client, abonn\u00e9 ou collaborateur ayant fourni ses donn\u00e9es \u00e0 tout moment, peut contacter le Titulaire et demander des informations. sur les donn\u00e9es qu&rsquo;il a stock\u00e9es et sur la mani\u00e8re dont elles ont \u00e9t\u00e9 obtenues, demander leur rectification, s&rsquo;opposer au traitement, limiter leur utilisation ou demander la suppression de ces donn\u00e9es dans les fichiers du Propri\u00e9taire.<\/p>\n<p>Pour exercer vos droits, vous devez envoyer votre demande accompagn\u00e9e d&rsquo;une photocopie de la pi\u00e8ce d&rsquo;identit\u00e9 nationale ou \u00e9quivalent \u00e0 l&rsquo;adresse e-mail : info@verxoenergia.es<\/p>\n<p>L&rsquo;exercice de ces droits n&rsquo;inclut aucune donn\u00e9e que le Propri\u00e9taire est tenu de conserver \u00e0 des fins administratives, juridiques ou de s\u00e9curit\u00e9.<\/p>\n<p>Vous avez le droit \u00e0 une protection judiciaire efficace et \u00e0 d\u00e9poser une r\u00e9clamation aupr\u00e8s de l&rsquo;autorit\u00e9 de contr\u00f4le, en l&rsquo;occurrence l&rsquo;Agence espagnole de protection des donn\u00e9es, si vous consid\u00e9rez que le traitement des donn\u00e9es personnelles vous concernant viole le r\u00e8glement.<\/p>\n<h2 id=\"Purpose-of-personal-data-processing\">Finalit\u00e9 du traitement des donn\u00e9es personnelles<\/h2>\n<p>Lorsque vous vous connectez au Site Web pour envoyer un e-mail au Propri\u00e9taire, vous abonnez \u00e0 sa newsletter, vous fournissez des informations personnelles dont le Propri\u00e9taire est responsable. Ces informations peuvent inclure des donn\u00e9es personnelles telles que votre adresse IP, votre nom et pr\u00e9nom, votre adresse physique, votre adresse e-mail, votre num\u00e9ro de t\u00e9l\u00e9phone et d&rsquo;autres informations. En fournissant ces informations, vous consentez \u00e0 ce que vos informations soient collect\u00e9es, utilis\u00e9es, g\u00e9r\u00e9es et stock\u00e9es par \u2014 Verxo Desarrollo S.A. &#8211; juste comme d\u00e9crit sur les pages :<\/p>\n<ul>\n<li><a href=\"https:\/\/verxoenergia.es\/fr\/avis-juridique\/\">Mentions l\u00e9gales<\/a><\/li>\n<li><a href=\"https:\/\/verxoenergia.es\/politica-de-privacidad\/\">Politique de confidentialit\u00e9<\/a><\/li>\n<\/ul>\n<p>Les donn\u00e9es personnelles et la finalit\u00e9 du traitement par le Propri\u00e9taire sont diff\u00e9rentes selon le syst\u00e8me de capture des informations :<\/p>\n<p>Il existe d&rsquo;autres finalit\u00e9s pour lesquelles le Propri\u00e9taire traite les donn\u00e9es personnelles\u00a0:<\/p>\n<ul>\n<li>Garantir le respect des conditions \u00e9nonc\u00e9es sur la page des mentions l\u00e9gales et de la loi applicable. Cela peut inclure le d\u00e9veloppement d&rsquo;outils et d&rsquo;algorithmes qui aident le site Web \u00e0 garantir la confidentialit\u00e9 des donn\u00e9es personnelles qu&rsquo;il collecte.<\/li>\n<li>Pour soutenir et am\u00e9liorer les services offerts par ce site Web.<\/li>\n<\/ul>\n<h2>S\u00e9curit\u00e9 des donn\u00e9es personnelles<\/h2>\n<p>Pour prot\u00e9ger vos donn\u00e9es personnelles, le Propri\u00e9taire prend toutes les pr\u00e9cautions raisonnables et suit les meilleures pratiques de l&rsquo;industrie pour \u00e9viter leur perte, leur utilisation abusive, leur acc\u00e8s inappropri\u00e9, leur divulgation, leur alt\u00e9ration ou leur destruction.<\/p>\n<p>Vos donn\u00e9es pourront \u00eatre int\u00e9gr\u00e9es dans un fichier de liste de diffusion, dont le Propri\u00e9taire est responsable de la gestion et du traitement. La s\u00e9curit\u00e9 de vos donn\u00e9es est garantie, puisque le Propri\u00e9taire prend toutes les mesures de s\u00e9curit\u00e9 n\u00e9cessaires et garantit que les donn\u00e9es personnelles ne seront utilis\u00e9es qu&rsquo;aux fins indiqu\u00e9es.<\/p>\n<p>Le Propri\u00e9taire informe l&rsquo;Utilisateur que ses donn\u00e9es personnelles ne seront pas transf\u00e9r\u00e9es \u00e0 des organismes tiers, \u00e0 l&rsquo;exception du fait que ledit transfert de donn\u00e9es est couvert par une obligation l\u00e9gale ou lorsque la fourniture d&rsquo;un service implique la n\u00e9cessit\u00e9 d&rsquo;une relation contractuelle avec un responsable. de traitement. Dans ce dernier cas, le transfert des donn\u00e9es au tiers ne sera effectu\u00e9 que lorsque le Propri\u00e9taire aura le consentement expr\u00e8s de l&rsquo;Utilisateur.<\/p>\n<p>Cependant, dans certains cas, des collaborations peuvent \u00eatre r\u00e9alis\u00e9es avec d&rsquo;autres professionnels, dans ces cas, le consentement de l&rsquo;Utilisateur sera requis, l&rsquo;informant de l&rsquo;identit\u00e9 du collaborateur et du but de la collaboration. Elle sera toujours r\u00e9alis\u00e9e dans le respect des normes de s\u00e9curit\u00e9 les plus strictes.<\/p>\n<h2>Contenu provenant d&rsquo;autres sites Web<\/h2>\n<p>Les pages de ce site Web peuvent inclure du contenu int\u00e9gr\u00e9 (par exemple des vid\u00e9os, des images, des articles, etc.). Le contenu int\u00e9gr\u00e9 provenant d\u2019autres sites Web se comporte exactement de la m\u00eame mani\u00e8re que si vous aviez visit\u00e9 l\u2019autre site Web.<\/p>\n<p>Ces sites Web peuvent collecter des donn\u00e9es sur vous, utiliser des cookies, int\u00e9grer un code de suivi tiers suppl\u00e9mentaire et surveiller votre interaction \u00e0 l&rsquo;aide de ce code.<\/p>\n<h2>Politique en mati\u00e8re de cookies<\/h2>\n<p>Pour que ce site Web fonctionne correctement, il doit utiliser des cookies, qui sont des informations stock\u00e9es dans votre navigateur Web.<\/p>\n<h2>L\u00e9gitimation du traitement des donn\u00e9es<\/h2>\n<p>La base juridique du traitement de vos donn\u00e9es est :<\/p>\n<ul>\n<li>Le consentement de la partie int\u00e9ress\u00e9e.<\/li>\n<\/ul>\n<h2>Cat\u00e9gories de donn\u00e9es personnelles<\/h2>\n<p>Les cat\u00e9gories de donn\u00e9es personnelles trait\u00e9es par le Propri\u00e9taire sont\u00a0:<\/p>\n<ul>\n<li>Donn\u00e9es d&rsquo;identification.<\/li>\n<li>Aucune cat\u00e9gorie de donn\u00e9es sp\u00e9cialement prot\u00e9g\u00e9e n&rsquo;est trait\u00e9e.<\/li>\n<\/ul>\n<h2>Conservation des donn\u00e9es personnelles<\/h2>\n<p>Les donn\u00e9es personnelles fournies au Propri\u00e9taire seront conserv\u00e9es jusqu&rsquo;\u00e0 ce que vous demandiez leur suppression.<\/p>\n<div id=\"destinataires\">\n<h2>Destinataires des donn\u00e9es personnelles<\/h2>\n<ul>\n<li><b>Google Analytics<\/b>\u00a0est un service d&rsquo;analyse Web fourni par Google, Inc., une soci\u00e9t\u00e9 du Delaware dont le si\u00e8ge social est situ\u00e9 au 1600 Amphitheatre Parkway, Mountain View (Californie), CA 94043, \u00c9tats-Unis (\u00ab Google \u00ab\u00a0).<br \/>\nGoogle Analytics utilise des \u00ab cookies \u00bb, qui sont des fichiers texte situ\u00e9s sur votre ordinateur, pour aider le Propri\u00e9taire \u00e0 analyser l&rsquo;utilisation faite par les Utilisateurs du Site Internet. Les informations g\u00e9n\u00e9r\u00e9es par les cookies concernant votre utilisation du site Internet (y compris l&rsquo;adresse IP) seront directement transmises et stock\u00e9es par Google sur des serveurs aux \u00c9tats-Unis.<br \/>\nPlus d&rsquo;informations sur\u00a0:\u00a0<a href=\"https:\/\/policies.google.com\/privacy?hl=es-ES\" target=\"_blank\" rel=\"nofollow noopener\">https:\/\/analytics.google.com&lt;\/ a&gt;<\/a><\/li>\n<\/ul>\n<\/div>\n<p>Vous pouvez voir comment Google g\u00e8re la confidentialit\u00e9 en ce qui concerne l&rsquo;utilisation des cookies et d&rsquo;autres informations sur la page Politique de confidentialit\u00e9 de Google\u00a0:\u00a0<a href=\"https:\/\/policies.google.com\/privacy?hl=en\" target=\"_blank\" rel=\"nofollow noopener\">https:\/\/policies.google.com\/privacy?hl=es<\/a><\/p>\n<p>Vous pouvez \u00e9galement consulter une liste des types de cookies utilis\u00e9s par Google et ses collaborateurs et toutes les informations concernant leur utilisation des cookies publicitaires sur :<\/p>\n<ul>\n<li><a href=\"https:\/\/policies.google.com\/technologies\/types?hl=es\" target=\"_blank\" rel=\"nofollow noopener\">Types de cookies utilis\u00e9s par Google<\/a>&lt;\/ li&gt;<\/li>\n<li><a href=\"https:\/\/policies.google.com\/technologies\/ads?hl=es\" target=\"_blank\" rel=\"nofollow noopener\">Comment Google utilise les cookies dans la publicit\u00e9<\/a>. &lt; \/li&gt;<\/li>\n<\/ul>\n<h2>Navigation Web<\/h2>\n<p>Lors de la navigation sur le site Web, des donn\u00e9es non identifiantes peuvent \u00eatre collect\u00e9es, qui peuvent inclure l&rsquo;adresse IP, la g\u00e9olocalisation, un enregistrement de la fa\u00e7on dont les services et les sites sont utilis\u00e9s, les habitudes de navigation et d&rsquo;autres donn\u00e9es qui ne peuvent pas \u00eatre utilis\u00e9es pour vous identifier.<\/p>\n<p>Le site Web utilise les services d&rsquo;analyse tiers suivants\u00a0:<\/p>\n<ul>\n<li>Google\u00a0Analytics.<\/li>\n<\/ul>\n<p>Le Propri\u00e9taire utilise les informations obtenues pour obtenir des donn\u00e9es statistiques, analyser les tendances, administrer le site, \u00e9tudier les mod\u00e8les de navigation et collecter des informations d\u00e9mographiques.<\/p>\n<p>Le Propri\u00e9taire n&rsquo;est pas responsable du traitement des donn\u00e9es personnelles effectu\u00e9 par les pages Web accessibles via les diff\u00e9rents liens contenus sur le Site Web.<\/p>\n<h2>Exactitude et v\u00e9racit\u00e9 des donn\u00e9es personnelles<\/h2>\n<p>Vous vous engagez \u00e0 ce que les donn\u00e9es fournies au Propri\u00e9taire soient exactes, compl\u00e8tes, exactes et \u00e0 jour, ainsi qu&rsquo;\u00e0 les maintenir d\u00fbment mises \u00e0 jour.<\/p>\n<p>En tant qu&rsquo;utilisateur du site Web, vous \u00eates seul responsable de la v\u00e9racit\u00e9 et de l&rsquo;exactitude des donn\u00e9es envoy\u00e9es au site Web, exon\u00e9rant le propri\u00e9taire de toute responsabilit\u00e9 \u00e0 cet \u00e9gard.<\/p>\n<h2>Acceptation et consentement<\/h2>\n<p>En tant qu&rsquo;utilisateur du site Web, vous d\u00e9clarez avoir \u00e9t\u00e9 inform\u00e9 des conditions relatives \u00e0 la protection des donn\u00e9es personnelles, et vous acceptez et consentez \u00e0 leur traitement par le propri\u00e9taire de la mani\u00e8re et aux fins indiqu\u00e9es dans la pr\u00e9sente politique de confidentialit\u00e9.<\/p>\n<p>Pour contacter le Propri\u00e9taire, vous abonner \u00e0 une newsletter ou faire des commentaires sur ce site Web, vous devez accepter cette politique de confidentialit\u00e9.<\/p>\n<h2>Modifications de la politique de confidentialit\u00e9<\/h2>\n<p>Le Propri\u00e9taire se r\u00e9serve le droit de modifier cette Politique de Confidentialit\u00e9 pour l&rsquo;adapter aux \u00e9volutions l\u00e9gislatives ou jurisprudentielles, ainsi qu&rsquo;aux pratiques de l&rsquo;industrie.<\/p>\n<p>Ces politiques seront en vigueur jusqu&rsquo;\u00e0 ce qu&rsquo;elles soient modifi\u00e9es par d&rsquo;autres d\u00fbment publi\u00e9es.<\/p>\n","protected":false},"excerpt":{"rendered":"<p>Le Propri\u00e9taire vous informe de sa Politique de Confidentialit\u00e9 concernant le traitement et la protection des donn\u00e9es personnelles des utilisateurs qui peuvent \u00eatre collect\u00e9es lors de la navigation sur le Site\u00a0:\u00a0https:\/\/ verxoenergia.es En ce sens, le Propri\u00e9taire garantit le respect de la r\u00e9glementation en vigueur en mati\u00e8re de protection des donn\u00e9es personnelles, refl\u00e9t\u00e9e dans la loi organique 3\/2018 du 5 d\u00e9cembre sur la protection des donn\u00e9es personnelles et la garantie des droits num\u00e9riques (LOPD GDD). Il est \u00e9galement conforme au R\u00e8glement (UE) 2016\/679 du Parlement europ\u00e9en et du Conseil du 27 avril 2016 relatif \u00e0 la protection des personnes physiques (RGPD). L&rsquo;utilisation du site Web implique l&rsquo;acceptation de la pr\u00e9sente politique de confidentialit\u00e9 ainsi que des conditions incluses dans les Mentions l\u00e9gales. Identit\u00e9 du contr\u00f4leur Responsable\u00a0:\u00a0 Verxo Desarrollo S.A.. NIF\u00a0: A56223845 Adresse\u00a0:\u00a0 Paseo Castellana, 200, Madrid &#8211; Espagne. E-mail\u00a0:\u00a0 info@verxoenergia.es Site Web\u00a0:\u00a0\u00a0https:\/\/verxoenergia.es Principes appliqu\u00e9s au traitement des donn\u00e9es Dans le traitement de vos donn\u00e9es personnelles, le Propri\u00e9taire appliquera les principes suivants, conformes aux exigences du nouveau r\u00e8glement europ\u00e9en sur la protection des donn\u00e9es (RGPD)\u00a0: Principe de l\u00e9galit\u00e9, de loyaut\u00e9 et de transparence\u00a0: le Propri\u00e9taire exigera toujours le consentement pour le traitement des donn\u00e9es personnelles, qui peut \u00eatre destin\u00e9 \u00e0 une ou plusieurs finalit\u00e9s sp\u00e9cifiques dont le Propri\u00e9taire informera au pr\u00e9alable l&rsquo;Utilisateur en toute transparence.&lt;\/li &gt; Principe de minimisation des donn\u00e9es\u00a0: le Propri\u00e9taire demandera uniquement les donn\u00e9es strictement n\u00e9cessaires \u00e0 la ou aux finalit\u00e9s pour lesquelles elles sont demand\u00e9es. Principe de limitation de la dur\u00e9e de conservation\u00a0: Le Propri\u00e9taire conservera les donn\u00e9es personnelles collect\u00e9es pendant la dur\u00e9e strictement n\u00e9cessaire \u00e0 la ou aux finalit\u00e9s du traitement. Le Propri\u00e9taire informera l&rsquo;Utilisateur de la dur\u00e9e de conservation correspondante en fonction de la finalit\u00e9. Dans le cas d&rsquo;abonnements, le propri\u00e9taire examinera p\u00e9riodiquement les listes et supprimera les enregistrements inactifs pendant une p\u00e9riode consid\u00e9rable. Principe d&rsquo;int\u00e9grit\u00e9 et de confidentialit\u00e9\u00a0: les donn\u00e9es personnelles collect\u00e9es seront trait\u00e9es de mani\u00e8re \u00e0 ce que leur s\u00e9curit\u00e9, leur confidentialit\u00e9 et leur int\u00e9grit\u00e9 soient garanties. Le Propri\u00e9taire prend les pr\u00e9cautions n\u00e9cessaires pour \u00e9viter tout acc\u00e8s non autoris\u00e9 ou toute utilisation inappropri\u00e9e des donn\u00e9es de ses utilisateurs par des tiers. Obtention de donn\u00e9es personnelles Pour naviguer sur le site, vous n&rsquo;avez pas besoin de fournir de donn\u00e9es personnelles. Droits Le Propri\u00e9taire vous informe qu&rsquo;en ce qui concerne vos donn\u00e9es personnelles, vous avez le droit de : Demander l&rsquo;acc\u00e8s aux donn\u00e9es stock\u00e9es. Demander une rectification ou une suppression. Demandez la limitation de votre traitement. S&rsquo;opposer au traitement. Vous ne pouvez pas exercer le droit \u00e0 la portabilit\u00e9 des donn\u00e9es. L&rsquo;exercice de ces droits est personnel et doit donc \u00eatre exerc\u00e9 directement par l&rsquo;int\u00e9ress\u00e9, en le demandant directement au Titulaire, ce qui signifie que tout client, abonn\u00e9 ou collaborateur ayant fourni ses donn\u00e9es \u00e0 tout moment, peut contacter le Titulaire et demander des informations. sur les donn\u00e9es qu&rsquo;il a stock\u00e9es et sur la mani\u00e8re dont elles ont \u00e9t\u00e9 obtenues, demander leur rectification, s&rsquo;opposer au traitement, limiter leur utilisation ou demander la suppression de ces donn\u00e9es dans les fichiers du Propri\u00e9taire. Pour exercer vos droits, vous devez envoyer votre demande accompagn\u00e9e d&rsquo;une photocopie de la pi\u00e8ce d&rsquo;identit\u00e9 nationale ou \u00e9quivalent \u00e0 l&rsquo;adresse e-mail : info@verxoenergia.es L&rsquo;exercice de ces droits n&rsquo;inclut aucune donn\u00e9e que le Propri\u00e9taire est tenu de conserver \u00e0 des fins administratives, juridiques ou de s\u00e9curit\u00e9. Vous avez le droit \u00e0 une protection judiciaire efficace et \u00e0 d\u00e9poser une r\u00e9clamation aupr\u00e8s de l&rsquo;autorit\u00e9 de contr\u00f4le, en l&rsquo;occurrence l&rsquo;Agence espagnole de protection des donn\u00e9es, si vous consid\u00e9rez que le traitement des donn\u00e9es personnelles vous concernant viole le r\u00e8glement. Finalit\u00e9 du traitement des donn\u00e9es personnelles Lorsque vous vous connectez au Site Web pour envoyer un e-mail au Propri\u00e9taire, vous abonnez \u00e0 sa newsletter, vous fournissez des informations personnelles dont le Propri\u00e9taire est responsable. Ces informations peuvent inclure des donn\u00e9es personnelles telles que votre adresse IP, votre nom et pr\u00e9nom, votre adresse physique, votre adresse e-mail, votre num\u00e9ro de t\u00e9l\u00e9phone et d&rsquo;autres informations. En fournissant ces informations, vous consentez \u00e0 ce que vos informations soient collect\u00e9es, utilis\u00e9es, g\u00e9r\u00e9es et stock\u00e9es par \u2014 Verxo Desarrollo S.A. &#8211; juste comme d\u00e9crit sur les pages : Mentions l\u00e9gales Politique de confidentialit\u00e9 Les donn\u00e9es personnelles et la finalit\u00e9 du traitement par le Propri\u00e9taire sont diff\u00e9rentes selon le syst\u00e8me de capture des informations : Il existe d&rsquo;autres finalit\u00e9s pour lesquelles le Propri\u00e9taire traite les donn\u00e9es personnelles\u00a0: Garantir le respect des conditions \u00e9nonc\u00e9es sur la page des mentions l\u00e9gales et de la loi applicable. Cela peut inclure le d\u00e9veloppement d&rsquo;outils et d&rsquo;algorithmes qui aident le site Web \u00e0 garantir la confidentialit\u00e9 des donn\u00e9es personnelles qu&rsquo;il collecte. Pour soutenir et am\u00e9liorer les services offerts par ce site Web. S\u00e9curit\u00e9 des donn\u00e9es personnelles Pour prot\u00e9ger vos donn\u00e9es personnelles, le Propri\u00e9taire prend toutes les pr\u00e9cautions raisonnables et suit les meilleures pratiques de l&rsquo;industrie pour \u00e9viter leur perte, leur utilisation abusive, leur acc\u00e8s inappropri\u00e9, leur divulgation, leur alt\u00e9ration ou leur destruction. Vos donn\u00e9es pourront \u00eatre int\u00e9gr\u00e9es dans un fichier de liste de diffusion, dont le Propri\u00e9taire est responsable de la gestion et du traitement. La s\u00e9curit\u00e9 de vos donn\u00e9es est garantie, puisque le Propri\u00e9taire prend toutes les mesures de s\u00e9curit\u00e9 n\u00e9cessaires et garantit que les donn\u00e9es personnelles ne seront utilis\u00e9es qu&rsquo;aux fins indiqu\u00e9es. Le Propri\u00e9taire informe l&rsquo;Utilisateur que ses donn\u00e9es personnelles ne seront pas transf\u00e9r\u00e9es \u00e0 des organismes tiers, \u00e0 l&rsquo;exception du fait que ledit transfert de donn\u00e9es est couvert par une obligation l\u00e9gale ou lorsque la fourniture d&rsquo;un service implique la n\u00e9cessit\u00e9 d&rsquo;une relation contractuelle avec un responsable. de traitement. Dans ce dernier cas, le transfert des donn\u00e9es au tiers ne sera effectu\u00e9 que lorsque le Propri\u00e9taire aura le consentement expr\u00e8s de l&rsquo;Utilisateur. Cependant, dans certains cas, des collaborations peuvent \u00eatre r\u00e9alis\u00e9es avec d&rsquo;autres professionnels, dans ces cas, le consentement de l&rsquo;Utilisateur sera requis, l&rsquo;informant de l&rsquo;identit\u00e9 du collaborateur et du but de la collaboration. Elle sera toujours r\u00e9alis\u00e9e dans le respect des normes de s\u00e9curit\u00e9 les plus strictes. Contenu provenant d&rsquo;autres sites Web Les pages de ce site Web peuvent inclure du contenu int\u00e9gr\u00e9 (par exemple des vid\u00e9os, des images, des articles, etc.). Le<\/p>\n","protected":false},"author":1,"featured_media":0,"parent":0,"menu_order":0,"comment_status":"closed","ping_status":"closed","template":"","meta":{"_acf_changed":false,"footnotes":""},"class_list":["post-2340","page","type-page","status-publish","hentry"],"acf":[],"_links":{"self":[{"href":"https:\/\/verxoenergia.es\/fr\/wp-json\/wp\/v2\/pages\/2340","targetHints":{"allow":["GET"]}}],"collection":[{"href":"https:\/\/verxoenergia.es\/fr\/wp-json\/wp\/v2\/pages"}],"about":[{"href":"https:\/\/verxoenergia.es\/fr\/wp-json\/wp\/v2\/types\/page"}],"author":[{"embeddable":true,"href":"https:\/\/verxoenergia.es\/fr\/wp-json\/wp\/v2\/users\/1"}],"replies":[{"embeddable":true,"href":"https:\/\/verxoenergia.es\/fr\/wp-json\/wp\/v2\/comments?post=2340"}],"version-history":[{"count":3,"href":"https:\/\/verxoenergia.es\/fr\/wp-json\/wp\/v2\/pages\/2340\/revisions"}],"predecessor-version":[{"id":2347,"href":"https:\/\/verxoenergia.es\/fr\/wp-json\/wp\/v2\/pages\/2340\/revisions\/2347"}],"wp:attachment":[{"href":"https:\/\/verxoenergia.es\/fr\/wp-json\/wp\/v2\/media?parent=2340"}],"curies":[{"name":"wp","href":"https:\/\/api.w.org\/{rel}","templated":true}]}}